{"id":979,"date":"2022-05-24T11:25:52","date_gmt":"2022-05-24T10:25:52","guid":{"rendered":"https:\/\/lemansvirtual.com\/?page_id=979"},"modified":"2022-08-03T14:54:07","modified_gmt":"2022-08-03T13:54:07","slug":"live-event","status":"publish","type":"page","link":"https:\/\/lemansvirtual.com\/fr\/live-event\/","title":{"rendered":"Le Mans Virtual Challenge"},"content":{"rendered":"<p><strong>\u00a0&#8211;\u00a0 English\u00a0 &#8211;\u00a0<\/strong><\/p>\n<p>During the 24 Hours of Le Mans weekend, Le Mans Virtual will be hosting hot lap qualifying sessions. Come and try your hand on our simulators to see how quick you can drive the Circuit de la Sarthe in a LMP2 prototype.<\/p>\n<p>The fastest 16 drivers on the leaderboard below by Saturday evening will be invited back to the simulators to take part in a semi final race. The top-four from each race will get to go head-to-head in the grand finale to decide the champion.<\/p>\n<p><em><strong><a href=\"https:\/\/lemansvirtual.com\/fr\/live-event\/information\/\">Click here to read the regulations and privacy policy <\/a><\/strong><\/em><\/p>\n<p><strong>&#8211;\u00a0 \u00a0Fran\u00e7ais\u00a0 &#8211;<br \/>\n<\/strong><\/p>\n<p>Pendant le week-end des 24 Heures du Mans, Le Mans Virtual accueillera des s\u00e9ances de qualification de tours chauds. Venez vous essayer \u00e0 nos simulateurs pour voir \u00e0 quelle vitesse vous pouvez piloter le Circuit de la Sarthe dans un prototype LMP2.<\/p>\n<p>Les 16 pilotes les plus rapides du classement ci-dessous d&#8217;ici samedi soir seront invit\u00e9s \u00e0 participer \u00e0 participer \u00e0 la demi-finale. Les quatre premiers de chaque demi-finale s&#8217;affronteront lors de la grande finale pour d\u00e9cider du champion.<\/p>\n<p><em><strong><a href=\"https:\/\/lemansvirtual.com\/fr\/live-event\/information\/\">Cliquez ici pour lire le r\u00e8glement et les conditions g\u00e9n\u00e9rales<\/a><\/strong><\/em><\/p>\n<p><strong>\u00a0<\/strong><\/p>\n<p><img loading=\"lazy\" decoding=\"async\" class=\"alignnone wp-image-988 size-full\" src=\"https:\/\/lemansvirtual.com\/wp-content\/uploads\/2022\/05\/Live-Timing-Banner.jpg\" alt=\"\" width=\"1500\" height=\"500\" \/><\/p>\n<p>To view the classification on a mobile device: <a href=\"https:\/\/lemans.racecentres.com\/hotlapping\/1\">Click HERE<\/a><\/p>\n<p><iframe loading=\"lazy\" style=\"border: 3px #ffffff none;\" src=\"https:\/\/lemans.racecentres.com\/hotlapping\/1\" name=\"myiFrame\" width=\"1200px\" height=\"6000px\" frameborder=\"1\" marginwidth=\"0px\" marginheight=\"0px\" scrolling=\"yes\" allowfullscreen=\"allowfullscreen\"><span data-mce-type=\"bookmark\" style=\"display: inline-block; width: 0px; overflow: hidden; line-height: 0;\" class=\"mce_SELRES_start\"><\/span><\/iframe><br \/>\n<img loading=\"lazy\" decoding=\"async\" class=\"alignnone wp-image-990 size-full\" src=\"https:\/\/lemansvirtual.com\/wp-content\/uploads\/2022\/05\/20220115163301_1-scaled.jpg\" alt=\"\" width=\"2560\" height=\"809\" \/><\/p>","protected":false},"excerpt":{"rendered":"<p>\u00a0&#8211;\u00a0 English\u00a0 &#8211;\u00a0 During the 24 Hours of Le Mans weekend, Le Mans Virtual will be hosting hot lap qualifying [&hellip;]<\/p>","protected":false},"author":4,"featured_media":0,"parent":0,"menu_order":0,"comment_status":"closed","ping_status":"closed","template":"","meta":{"inline_featured_image":false,"footnotes":""},"class_list":["post-979","page","type-page","status-publish","hentry"],"yoast_head":"<!-- This site is optimized with the Yoast SEO plugin v21.2 - https:\/\/yoast.com\/wordpress\/plugins\/seo\/ -->\n<title>Le Mans Virtual Challenge - Le Mans Virtual Series<\/title>\n<meta name=\"robots\" content=\"index, follow, max-snippet:-1, max-image-preview:large, max-video-preview:-1\" \/>\n<link rel=\"canonical\" href=\"https:\/\/lemansvirtual.com\/fr\/live-event\/\" \/>\n<meta property=\"og:locale\" content=\"fr_FR\" \/>\n<meta property=\"og:type\" content=\"article\" \/>\n<meta property=\"og:title\" content=\"Le Mans Virtual Challenge - Le Mans Virtual Series\" \/>\n<meta property=\"og:description\" content=\"\u00a0&#8211;\u00a0 English\u00a0 &#8211;\u00a0 During the 24 Hours of Le Mans weekend, Le Mans Virtual will be hosting hot lap qualifying [&hellip;]\" \/>\n<meta property=\"og:url\" content=\"https:\/\/lemansvirtual.com\/fr\/live-event\/\" \/>\n<meta property=\"og:site_name\" content=\"Le Mans Virtual Series\" \/>\n<meta property=\"article:publisher\" content=\"https:\/\/www.facebook.com\/lemansvirtual\" \/>\n<meta property=\"article:modified_time\" content=\"2022-08-03T13:54:07+00:00\" \/>\n<meta property=\"og:image\" content=\"https:\/\/lemansvirtual.com\/wp-content\/uploads\/2022\/05\/Live-Timing-Banner.jpg\" \/>\n<meta name=\"twitter:card\" content=\"summary_large_image\" \/>\n<meta name=\"twitter:site\" content=\"@lemansvirtual\" \/>\n<meta name=\"twitter:label1\" content=\"Dur\u00e9e de lecture estim\u00e9e\" \/>\n\t<meta name=\"twitter:data1\" content=\"2 minutes\" \/>\n<script type=\"application\/ld+json\" class=\"yoast-schema-graph\">{\"@context\":\"https:\/\/schema.org\",\"@graph\":[{\"@type\":\"WebPage\",\"@id\":\"https:\/\/lemansvirtual.com\/live-event\/\",\"url\":\"https:\/\/lemansvirtual.com\/live-event\/\",\"name\":\"Le Mans Virtual Challenge - Le Mans Virtual Series\",\"isPartOf\":{\"@id\":\"https:\/\/lemansvirtual.com\/#website\"},\"datePublished\":\"2022-05-24T10:25:52+00:00\",\"dateModified\":\"2022-08-03T13:54:07+00:00\",\"breadcrumb\":{\"@id\":\"https:\/\/lemansvirtual.com\/live-event\/#breadcrumb\"},\"inLanguage\":\"fr-FR\",\"potentialAction\":[{\"@type\":\"ReadAction\",\"target\":[\"https:\/\/lemansvirtual.com\/live-event\/\"]}]},{\"@type\":\"BreadcrumbList\",\"@id\":\"https:\/\/lemansvirtual.com\/live-event\/#breadcrumb\",\"itemListElement\":[{\"@type\":\"ListItem\",\"position\":1,\"name\":\"Home\",\"item\":\"https:\/\/lemansvirtual.com\/\"},{\"@type\":\"ListItem\",\"position\":2,\"name\":\"Le Mans Virtual Challenge\"}]},{\"@type\":\"WebSite\",\"@id\":\"https:\/\/lemansvirtual.com\/#website\",\"url\":\"https:\/\/lemansvirtual.com\/\",\"name\":\"Le Mans Virtual Series\",\"description\":\"\",\"publisher\":{\"@id\":\"https:\/\/lemansvirtual.com\/#organization\"},\"potentialAction\":[{\"@type\":\"SearchAction\",\"target\":{\"@type\":\"EntryPoint\",\"urlTemplate\":\"https:\/\/lemansvirtual.com\/?s={search_term_string}\"},\"query-input\":\"required name=search_term_string\"}],\"inLanguage\":\"fr-FR\"},{\"@type\":\"Organization\",\"@id\":\"https:\/\/lemansvirtual.com\/#organization\",\"name\":\"Le Mans Virtual\",\"url\":\"https:\/\/lemansvirtual.com\/\",\"logo\":{\"@type\":\"ImageObject\",\"inLanguage\":\"fr-FR\",\"@id\":\"https:\/\/lemansvirtual.com\/#\/schema\/logo\/image\/\",\"url\":\"https:\/\/lemansvirtual.com\/wp-content\/uploads\/2021\/08\/cover-1.png\",\"contentUrl\":\"https:\/\/lemansvirtual.com\/wp-content\/uploads\/2021\/08\/cover-1.png\",\"width\":1920,\"height\":1080,\"caption\":\"Le Mans Virtual\"},\"image\":{\"@id\":\"https:\/\/lemansvirtual.com\/#\/schema\/logo\/image\/\"},\"sameAs\":[\"https:\/\/www.facebook.com\/lemansvirtual\",\"https:\/\/twitter.com\/lemansvirtual\",\"https:\/\/www.instagram.com\/lemansvirtual\/\",\"https:\/\/www.youtube.com\/traxiongg\"]}]}<\/script>\n<!-- \/ Yoast SEO plugin. -->","yoast_head_json":{"title":"Le Mans Virtual Challenge - Le Mans Virtual Series","robots":{"index":"index","follow":"follow","max-snippet":"max-snippet:-1","max-image-preview":"max-image-preview:large","max-video-preview":"max-video-preview:-1"},"canonical":"https:\/\/lemansvirtual.com\/fr\/live-event\/","og_locale":"fr_FR","og_type":"article","og_title":"Le Mans Virtual Challenge - Le Mans Virtual Series","og_description":"\u00a0&#8211;\u00a0 English\u00a0 &#8211;\u00a0 During the 24 Hours of Le Mans weekend, Le Mans Virtual will be hosting hot lap qualifying [&hellip;]","og_url":"https:\/\/lemansvirtual.com\/fr\/live-event\/","og_site_name":"Le Mans Virtual Series","article_publisher":"https:\/\/www.facebook.com\/lemansvirtual","article_modified_time":"2022-08-03T13:54:07+00:00","og_image":[{"url":"https:\/\/lemansvirtual.com\/wp-content\/uploads\/2022\/05\/Live-Timing-Banner.jpg"}],"twitter_card":"summary_large_image","twitter_site":"@lemansvirtual","twitter_misc":{"Dur\u00e9e de lecture estim\u00e9e":"2 minutes"},"schema":{"@context":"https:\/\/schema.org","@graph":[{"@type":"WebPage","@id":"https:\/\/lemansvirtual.com\/live-event\/","url":"https:\/\/lemansvirtual.com\/live-event\/","name":"Le Mans Virtual Challenge - Le Mans Virtual Series","isPartOf":{"@id":"https:\/\/lemansvirtual.com\/#website"},"datePublished":"2022-05-24T10:25:52+00:00","dateModified":"2022-08-03T13:54:07+00:00","breadcrumb":{"@id":"https:\/\/lemansvirtual.com\/live-event\/#breadcrumb"},"inLanguage":"fr-FR","potentialAction":[{"@type":"ReadAction","target":["https:\/\/lemansvirtual.com\/live-event\/"]}]},{"@type":"BreadcrumbList","@id":"https:\/\/lemansvirtual.com\/live-event\/#breadcrumb","itemListElement":[{"@type":"ListItem","position":1,"name":"Home","item":"https:\/\/lemansvirtual.com\/"},{"@type":"ListItem","position":2,"name":"Le Mans Virtual Challenge"}]},{"@type":"WebSite","@id":"https:\/\/lemansvirtual.com\/#website","url":"https:\/\/lemansvirtual.com\/","name":"Le Mans Virtual Series","description":"","publisher":{"@id":"https:\/\/lemansvirtual.com\/#organization"},"potentialAction":[{"@type":"SearchAction","target":{"@type":"EntryPoint","urlTemplate":"https:\/\/lemansvirtual.com\/?s={search_term_string}"},"query-input":"required name=search_term_string"}],"inLanguage":"fr-FR"},{"@type":"Organization","@id":"https:\/\/lemansvirtual.com\/#organization","name":"Le Mans Virtual","url":"https:\/\/lemansvirtual.com\/","logo":{"@type":"ImageObject","inLanguage":"fr-FR","@id":"https:\/\/lemansvirtual.com\/#\/schema\/logo\/image\/","url":"https:\/\/lemansvirtual.com\/wp-content\/uploads\/2021\/08\/cover-1.png","contentUrl":"https:\/\/lemansvirtual.com\/wp-content\/uploads\/2021\/08\/cover-1.png","width":1920,"height":1080,"caption":"Le Mans Virtual"},"image":{"@id":"https:\/\/lemansvirtual.com\/#\/schema\/logo\/image\/"},"sameAs":["https:\/\/www.facebook.com\/lemansvirtual","https:\/\/twitter.com\/lemansvirtual","https:\/\/www.instagram.com\/lemansvirtual\/","https:\/\/www.youtube.com\/traxiongg"]}]}},"_links":{"self":[{"href":"https:\/\/lemansvirtual.com\/fr\/wp-json\/wp\/v2\/pages\/979","targetHints":{"allow":["GET"]}}],"collection":[{"href":"https:\/\/lemansvirtual.com\/fr\/wp-json\/wp\/v2\/pages"}],"about":[{"href":"https:\/\/lemansvirtual.com\/fr\/wp-json\/wp\/v2\/types\/page"}],"author":[{"embeddable":true,"href":"https:\/\/lemansvirtual.com\/fr\/wp-json\/wp\/v2\/users\/4"}],"replies":[{"embeddable":true,"href":"https:\/\/lemansvirtual.com\/fr\/wp-json\/wp\/v2\/comments?post=979"}],"version-history":[{"count":30,"href":"https:\/\/lemansvirtual.com\/fr\/wp-json\/wp\/v2\/pages\/979\/revisions"}],"predecessor-version":[{"id":1065,"href":"https:\/\/lemansvirtual.com\/fr\/wp-json\/wp\/v2\/pages\/979\/revisions\/1065"}],"wp:attachment":[{"href":"https:\/\/lemansvirtual.com\/fr\/wp-json\/wp\/v2\/media?parent=979"}],"curies":[{"name":"wp","href":"https:\/\/api.w.org\/{rel}","templated":true}]}}